{"id":18,"date":"2020-11-06T14:15:57","date_gmt":"2020-11-06T14:15:57","guid":{"rendered":"https:\/\/neu2020.kendosg.ch\/?page_id=18"},"modified":"2024-03-22T09:54:25","modified_gmt":"2024-03-22T09:54:25","slug":"das-ist-kendo","status":"publish","type":"page","link":"https:\/\/kendosg.ch\/","title":{"rendered":"Das ist Kendo"},"content":{"rendered":"\n<p>KEN = Schwert, DO = Weg &#8230; Der Weg des Schwertes<\/p>\n\n\n\n<p>Die Kampfkunst Kendo hat ihren Ursprung in Japan. In ihrer jahrhundertealten Tradition hat sie sich aus den Schwerttechniken der verschiedenen Samuraischulen entwickelt und wurde nach dem Trageverbot des Samuraischwerts in die Seele der japanischen Gesellschaft aufgenommen.<\/p>\n\n\n\n<p>Als eine M\u00f6glichkeit der inneren und \u00e4usseren Pers\u00f6nlichkeitsbildung wird Kendo eine weitreichende Bedeutung beigemessen, weshalb es auch heute noch fl\u00e4chendeckend in den Schulen ganz Japans gelehrt wird.<\/p>\n\n\n\n<p>Kendo f\u00f6rdert die Entwicklung der K\u00f6rperkraft \u2013 einschliesslich der Schnelligkeit und Geschicklichkeit \u2013 und das Erlangen einer korrekten K\u00f6rperhaltung. Zus\u00e4tzlich sch\u00e4rft es die Wahrnehmung und die Entschlussf\u00e4higkeit.<\/p>\n\n\n\n<p>Durch das Kendotraining entwickelt sich ein Verantwortungsbewusstsein gegen\u00fcber sich selbst und dem Umfeld unter Achtung des Mitmenschen bei gleichzeitiger W\u00fcrdigung des Zeremoniellen und der Traditionen.<\/p>\n\n\n\n<p>Das erfolgreiche Erlernen des Kendo ist nur in der Interaktion mit anderen Kendokas m\u00f6glich. Es handelt sich somit um einen individuellen Weg jedes Kendotreibenden, aber auch um eine gemeinsame Erfahrung und Weiterentwicklung. Ein Kendoka betrachtet das \u00dcben nicht nur als Weg, sondern beschreitet diesen aktiv.<\/p>\n\n\n\n<p>Der sportliche Charakter des Kendo wurde mit der Zeit immer zentraler. F\u00fcr uns ist Kendo jedoch noch immer untrennbar mit dem geistigen Weg \u2013 dem Bushido \u2013 verbunden und deshalb legen wir viel Wert auf ein ganzheitliches Training.<\/p>\n\n\n\n<blockquote class=\"wp-embedded-content\" data-secret=\"3hQNCGFSJ4\"><a href=\"https:\/\/wkc2024.com\/\">Home Page EN<\/a><\/blockquote><iframe class=\"wp-embedded-content\" sandbox=\"allow-scripts\" security=\"restricted\" style=\"position: absolute; clip: rect(1px, 1px, 1px, 1px);\" title=\"&#8220;Home Page EN&#8221; &#8212; WKC2024\" src=\"https:\/\/wkc2024.com\/embed\/#?secret=BsHsiDLOFk#?secret=3hQNCGFSJ4\" data-secret=\"3hQNCGFSJ4\" width=\"584\" height=\"329\" frameborder=\"0\" marginwidth=\"0\" marginheight=\"0\" scrolling=\"no\"><\/iframe>\n\n\n\n<figure class=\"wp-block-image size-full\"><img loading=\"lazy\" decoding=\"async\" width=\"842\" height=\"319\" src=\"https:\/\/kendosg.ch\/wp-content\/uploads\/2024\/03\/Kendo-WM.jpg\" alt=\"\" class=\"wp-image-195\" srcset=\"https:\/\/kendosg.ch\/wp-content\/uploads\/2024\/03\/Kendo-WM.jpg 842w, https:\/\/kendosg.ch\/wp-content\/uploads\/2024\/03\/Kendo-WM-300x114.jpg 300w, https:\/\/kendosg.ch\/wp-content\/uploads\/2024\/03\/Kendo-WM-768x291.jpg 768w, https:\/\/kendosg.ch\/wp-content\/uploads\/2024\/03\/Kendo-WM-500x189.jpg 500w\" sizes=\"(max-width: 842px) 100vw, 842px\" \/><figcaption class=\"wp-element-caption\">Stampa<\/figcaption><\/figure>\n","protected":false},"excerpt":{"rendered":"<p>KEN = Schwert, DO = Weg &#8230; Der Weg des Schwertes Die Kampfkunst Kendo hat ihren Ursprung in Japan. In ihrer jahrhundertealten Tradition hat sie sich aus den Schwerttechniken der verschiedenen Samuraischulen entwickelt und wurde nach dem Trageverbot des Samuraischwerts &hellip; <a href=\"https:\/\/kendosg.ch\/\">Weiterlesen <span class=\"meta-nav\">&rarr;<\/span><\/a><\/p>\n","protected":false},"author":1,"featured_media":0,"parent":0,"menu_order":0,"comment_status":"closed","ping_status":"closed","template":"","meta":{"footnotes":""},"_links":{"self":[{"href":"https:\/\/kendosg.ch\/index.php\/wp-json\/wp\/v2\/pages\/18"}],"collection":[{"href":"https:\/\/kendosg.ch\/index.php\/wp-json\/wp\/v2\/pages"}],"about":[{"href":"https:\/\/kendosg.ch\/index.php\/wp-json\/wp\/v2\/types\/page"}],"author":[{"embeddable":true,"href":"https:\/\/kendosg.ch\/index.php\/wp-json\/wp\/v2\/users\/1"}],"replies":[{"embeddable":true,"href":"https:\/\/kendosg.ch\/index.php\/wp-json\/wp\/v2\/comments?post=18"}],"version-history":[{"count":7,"href":"https:\/\/kendosg.ch\/index.php\/wp-json\/wp\/v2\/pages\/18\/revisions"}],"predecessor-version":[{"id":196,"href":"https:\/\/kendosg.ch\/index.php\/wp-json\/wp\/v2\/pages\/18\/revisions\/196"}],"wp:attachment":[{"href":"https:\/\/kendosg.ch\/index.php\/wp-json\/wp\/v2\/media?parent=18"}],"curies":[{"name":"wp","href":"https:\/\/api.w.org\/{rel}","templated":true}]}}