{"id":22,"date":"2020-11-06T14:16:20","date_gmt":"2020-11-06T14:16:20","guid":{"rendered":"https:\/\/neu2020.kendosg.ch\/?page_id=22"},"modified":"2020-11-06T14:30:01","modified_gmt":"2020-11-06T14:30:01","slug":"das-sind-wir","status":"publish","type":"page","link":"https:\/\/kendosg.ch\/index.php\/das-sind-wir\/","title":{"rendered":"Das sind wir"},"content":{"rendered":"\n<figure class=\"wp-block-image size-large is-resized\"><img loading=\"lazy\" decoding=\"async\" src=\"https:\/\/kendosg.ch\/wp-content\/uploads\/2020\/11\/Das-sind-wir-1024x538.jpg\" alt=\"\" class=\"wp-image-48\" width=\"627\" height=\"329\" srcset=\"https:\/\/kendosg.ch\/wp-content\/uploads\/2020\/11\/Das-sind-wir-1024x538.jpg 1024w, https:\/\/kendosg.ch\/wp-content\/uploads\/2020\/11\/Das-sind-wir-300x158.jpg 300w, https:\/\/kendosg.ch\/wp-content\/uploads\/2020\/11\/Das-sind-wir-768x403.jpg 768w, https:\/\/kendosg.ch\/wp-content\/uploads\/2020\/11\/Das-sind-wir-500x263.jpg 500w, https:\/\/kendosg.ch\/wp-content\/uploads\/2020\/11\/Das-sind-wir.jpg 1200w\" sizes=\"(max-width: 627px) 100vw, 627px\" \/><\/figure>\n\n\n\n<p>Der Kendo Club St. Gallen wurde am 4. August 1988 als Verein gegr\u00fcndet. Seither versuchen wir das Niveau unserer Kampfkunst stetig zu steigern, das Vereinsleben regelm\u00e4ssig zu pflegen und den Kampfgeist aller Trainingsteilnehmer nachhaltig zu heben.<\/p>\n\n\n\n<p>Im Laufe der Jahre durften wir bereits drei Schweizermeisterschaften des Swiss Kendo und Iaido Verbands durchf\u00fchren und die Kendokas Helvetiens nach St. Gallen einladen. Auch wir begreifen die Teilnahme an Wettk\u00e4mpfen als Bereicherung f\u00fcr die ganzheitliche Entwicklung eines jeden Kendotreibenden und sch\u00e4tzen den Austausch mit anderen Dojos weltweit.<\/p>\n\n\n\n<p>Wir freuen uns \u00fcber einen Besuch von Euch.<\/p>\n\n\n\n<p>Kendo Club St.Gallen ist Mitglied im\u00a0<a href=\"https:\/\/kendo.ch\/\">Swiss Kendo &amp; Iaido SJV\/ASJ<\/a><\/p>\n","protected":false},"excerpt":{"rendered":"<p>Der Kendo Club St. Gallen wurde am 4. August 1988 als Verein gegr\u00fcndet. Seither versuchen wir das Niveau unserer Kampfkunst stetig zu steigern, das Vereinsleben regelm\u00e4ssig zu pflegen und den Kampfgeist aller Trainingsteilnehmer nachhaltig zu heben. Im Laufe der Jahre &hellip; <a href=\"https:\/\/kendosg.ch\/index.php\/das-sind-wir\/\">Weiterlesen <span class=\"meta-nav\">&rarr;<\/span><\/a><\/p>\n","protected":false},"author":1,"featured_media":0,"parent":0,"menu_order":0,"comment_status":"closed","ping_status":"closed","template":"","meta":{"footnotes":""},"_links":{"self":[{"href":"https:\/\/kendosg.ch\/index.php\/wp-json\/wp\/v2\/pages\/22"}],"collection":[{"href":"https:\/\/kendosg.ch\/index.php\/wp-json\/wp\/v2\/pages"}],"about":[{"href":"https:\/\/kendosg.ch\/index.php\/wp-json\/wp\/v2\/types\/page"}],"author":[{"embeddable":true,"href":"https:\/\/kendosg.ch\/index.php\/wp-json\/wp\/v2\/users\/1"}],"replies":[{"embeddable":true,"href":"https:\/\/kendosg.ch\/index.php\/wp-json\/wp\/v2\/comments?post=22"}],"version-history":[{"count":5,"href":"https:\/\/kendosg.ch\/index.php\/wp-json\/wp\/v2\/pages\/22\/revisions"}],"predecessor-version":[{"id":52,"href":"https:\/\/kendosg.ch\/index.php\/wp-json\/wp\/v2\/pages\/22\/revisions\/52"}],"wp:attachment":[{"href":"https:\/\/kendosg.ch\/index.php\/wp-json\/wp\/v2\/media?parent=22"}],"curies":[{"name":"wp","href":"https:\/\/api.w.org\/{rel}","templated":true}]}}