{"id":55,"date":"2020-11-06T15:11:37","date_gmt":"2020-11-06T15:11:37","guid":{"rendered":"https:\/\/neu2020.kendosg.ch\/?page_id=55"},"modified":"2020-11-06T15:11:37","modified_gmt":"2020-11-06T15:11:37","slug":"dsgvo","status":"publish","type":"page","link":"https:\/\/kendosg.ch\/index.php\/dsgvo\/","title":{"rendered":"DSGVO"},"content":{"rendered":"\n<p><strong>Cookies<\/strong><\/p>\n\n\n\n<p>Unsere Internetseiten verwenden Google Cookies. Cookies sind kleine Textdateien, die auf Ihrem Rechner abgelegt werden und die Ihr Browser speichert. Sie dienen dazu, unser Angebot nutzerfreundlicher, effektiver und sicherer zu machen. Cookies enthalten keine personenbezogenen Daten. Sie k\u00f6nnen die Cookies aus Ihrem Browser l\u00f6schen. Durch l\u00f6schen der Cookies, kann es sein, das die unsere von Ihnen besuchte Webseite nicht richtig funktioniert. In keinem Fall aber werden durch diese Technik personenbezogene Daten erhoben oder gespeichert, die einen R\u00fcckschluss auf die Identit\u00e4t des Website Besuchers erm\u00f6glichen. Der Datenerhebung und Speicherung kann jederzeit mit Wirkung f\u00fcr die Zukunft widersprochen werden.<\/p>\n\n\n\n<p><strong>Haftungsausschluss<\/strong><\/p>\n\n\n\n<p>Der Betreiber \u00fcbernimmt keinerlei Gew\u00e4hr f\u00fcr die Aktualit\u00e4t, Korrektheit, Vollst\u00e4ndigkeit oder Qualit\u00e4t der bereitgestellten Informationen. Haftungsanspr\u00fcche gegen den Betreiber, welche sich auf Sch\u00e4den materieller, informeller oder ideeller Art beziehen, die durch die Nutzung oder Nichtnutzung der dargebotenen Informationen bzw. durch die Nutzung fehlerhafter und unvollst\u00e4ndiger Informationen verursacht wurden sind grunds\u00e4tzlich ausgeschlossen, sofern seitens des Betreibers kein nachweislich vors\u00e4tzliches oder grob fahrl\u00e4ssiges Verschulden vorliegt. Der Betreiber beh\u00e4lt es sich ausdr\u00fccklich vor, Teile der Seiten ohne gesonderte Ank\u00fcndigung zu ver\u00e4ndern, zu erg\u00e4nzen, zu l\u00f6schen oder die Ver\u00f6ffentlichung zeitweise oder endg\u00fcltig einzustellen.<\/p>\n\n\n\n<p>Der Betreiber ist bestrebt, in allen Publikationen die Urheberrechte der verwendeten Bilder, Videosequenzen und Texte zu beachten, von ihm selbst erstellte Grafiken, Filme und Texte zu nutzen oder auf lizenzfreie Bilder, Videosequenzen und Texte zur\u00fcckzugreifen. Alle innerhalb des Internetangebotes genannten und ggf. durch Dritte gesch\u00fctzten Marken- und Warenzeichen unterliegen uneingeschr\u00e4nkt den Bestimmungen des jeweils g\u00fcltigen Kennzeichenrechts und den Besitzrechten der jeweiligen eingetragenen Eigent\u00fcmer. Allein aufgrund der blossen Nennung ist nicht der Schluss zu ziehen, dass Markenzeichen nicht durch Rechte Dritter gesch\u00fctzt sind! Das Copyright f\u00fcr ver\u00f6ffentlichte, vom Betreiber selbst erstellte Objekte bleibt allein beim Betreiber der Seiten. Eine Vervielf\u00e4ltigung oder Verwendung solcher Grafiken, Tondokumente, Videosequenzen und Texte in anderen elektronischen oder gedruckten Publikationen ist ohne ausdr\u00fcckliche Zustimmung des Betreibers nicht gestattet. Die ungenehmigte oder missbr\u00e4uchliche Verwendung s\u00e4mtlicher eingetragener Marken und Logos ist untersagt.<\/p>\n\n\n\n<p>Sofern Teile oder einzelne Formulierungen dieses Textes der geltenden Rechtslage nicht mehr oder nicht vollst\u00e4ndig entsprechen sollten, bleiben die \u00fcbrigen Teile des Dokumentes in ihrem Inhalt und ihrer G\u00fcltigkeit davon unber\u00fchrt.<\/p>\n\n\n\n<p>Stand der Datenschutzrichtlinie: 01. November 2020<\/p>\n","protected":false},"excerpt":{"rendered":"<p>Cookies Unsere Internetseiten verwenden Google Cookies. Cookies sind kleine Textdateien, die auf Ihrem Rechner abgelegt werden und die Ihr Browser speichert. Sie dienen dazu, unser Angebot nutzerfreundlicher, effektiver und sicherer zu machen. Cookies enthalten keine personenbezogenen Daten. Sie k\u00f6nnen die &hellip; <a href=\"https:\/\/kendosg.ch\/index.php\/dsgvo\/\">Weiterlesen <span class=\"meta-nav\">&rarr;<\/span><\/a><\/p>\n","protected":false},"author":1,"featured_media":0,"parent":0,"menu_order":0,"comment_status":"closed","ping_status":"closed","template":"","meta":{"footnotes":""},"_links":{"self":[{"href":"https:\/\/kendosg.ch\/index.php\/wp-json\/wp\/v2\/pages\/55"}],"collection":[{"href":"https:\/\/kendosg.ch\/index.php\/wp-json\/wp\/v2\/pages"}],"about":[{"href":"https:\/\/kendosg.ch\/index.php\/wp-json\/wp\/v2\/types\/page"}],"author":[{"embeddable":true,"href":"https:\/\/kendosg.ch\/index.php\/wp-json\/wp\/v2\/users\/1"}],"replies":[{"embeddable":true,"href":"https:\/\/kendosg.ch\/index.php\/wp-json\/wp\/v2\/comments?post=55"}],"version-history":[{"count":1,"href":"https:\/\/kendosg.ch\/index.php\/wp-json\/wp\/v2\/pages\/55\/revisions"}],"predecessor-version":[{"id":56,"href":"https:\/\/kendosg.ch\/index.php\/wp-json\/wp\/v2\/pages\/55\/revisions\/56"}],"wp:attachment":[{"href":"https:\/\/kendosg.ch\/index.php\/wp-json\/wp\/v2\/media?parent=55"}],"curies":[{"name":"wp","href":"https:\/\/api.w.org\/{rel}","templated":true}]}}