{"id":60,"date":"2020-11-06T15:19:01","date_gmt":"2020-11-06T15:19:01","guid":{"rendered":"https:\/\/neu2020.kendosg.ch\/?page_id=60"},"modified":"2026-03-02T07:22:21","modified_gmt":"2026-03-02T07:22:21","slug":"unser-training-2","status":"publish","type":"page","link":"https:\/\/kendosg.ch\/index.php\/unser-training-2\/","title":{"rendered":"Unser Training"},"content":{"rendered":"\n<p>Wir trainieren jeweils Dienstag und Donnerstag von 20:15 \u2013 21:45 Uhr in der&nbsp;<a href=\"https:\/\/www.google.com\/maps\/place\/Primarschule+Krontal\/@47.4339459,9.3955972,17z\/data=!3m1!4b1!4m5!3m4!1s0x479b1ef59399438b:0xada1efca1a2e46fb!8m2!3d47.4339423!4d9.3977912\">Sporthalle Krontal<\/a><\/p>\n\n\n\n<p>Im Kendo wird die k\u00f6rperliche Fitness gest\u00e4rkt und die mentalen F\u00e4higkeiten entwickelt. Es wird in eine Welt eingetaucht, in der Tradition und moderner Sport aufeinandertreffen. Ein Weg f\u00fcrs Leben &#8211; offen f\u00fcr alle.<\/p>\n\n\n\n<div class=\"wp-block-buttons is-layout-flex wp-block-buttons-is-layout-flex\">\n<div class=\"wp-block-button is-style-fill\"><a class=\"wp-block-button__link wp-element-button\"><strong>N\u00e4chste Schnupperstunde<\/strong>: <strong><em>Dienstag, 21. April 2026 20:15 <\/em><\/strong><img decoding=\"async\" class=\"wp-image-204\" style=\"\" src=\"https:\/\/kendosg.ch\/wp-content\/uploads\/2025\/03\/2025_Aushang_21_4.pdf\" alt=\"\"><\/a><\/div>\n<\/div>\n\n\n\n<p><strong>Die Faszination von Kendo erleben &#8211; der traditionellen Kunst des japanischen Schwertkampfs.<\/strong><\/p>\n\n\n\n<p>Kosten: Schnupperstunde gratis, <strong>Anf\u00e4ngerkurs Fr. 120<\/strong>.\u2013 (Wird bei Eintritt in den Club an den Mitgliederbeitrag angerechnet)&nbsp;<\/p>\n\n\n\n<p><strong>Anmeldung an<\/strong>: Marco Tinner, Technischer Leiter \u2013&nbsp;<a href=\"mailto:leiter@kendosg.ch\">Email<\/a><\/p>\n\n\n\n<p><strong>Pr\u00fcfungen<\/strong><\/p>\n\n\n\n<p>Pr\u00fcfungen bis 3. Kyu werden im Club abgenommen, danach an nationalen Events. <a href=\"http:\/\/kendo.byda.ch\/trainingszeiten\/pruefungen\/\">Pr\u00fcfungsvorgaben KCSG<\/a><\/p>\n\n\n\n<p>W\u00e4hrend den Schulferien&nbsp;bleibt das Dojo geschlossen:<\/p>\n\n\n\n<div class=\"wp-block-buttons is-layout-flex wp-block-buttons-is-layout-flex\"><\/div>\n","protected":false},"excerpt":{"rendered":"<p>Wir trainieren jeweils Dienstag und Donnerstag von 20:15 \u2013 21:45 Uhr in der&nbsp;Sporthalle Krontal Im Kendo wird die k\u00f6rperliche Fitness gest\u00e4rkt und die mentalen F\u00e4higkeiten entwickelt. Es wird in eine Welt eingetaucht, in der Tradition und moderner Sport aufeinandertreffen. Ein &hellip; <a href=\"https:\/\/kendosg.ch\/index.php\/unser-training-2\/\">Weiterlesen <span class=\"meta-nav\">&rarr;<\/span><\/a><\/p>\n","protected":false},"author":1,"featured_media":0,"parent":0,"menu_order":0,"comment_status":"closed","ping_status":"closed","template":"","meta":{"footnotes":""},"_links":{"self":[{"href":"https:\/\/kendosg.ch\/index.php\/wp-json\/wp\/v2\/pages\/60"}],"collection":[{"href":"https:\/\/kendosg.ch\/index.php\/wp-json\/wp\/v2\/pages"}],"about":[{"href":"https:\/\/kendosg.ch\/index.php\/wp-json\/wp\/v2\/types\/page"}],"author":[{"embeddable":true,"href":"https:\/\/kendosg.ch\/index.php\/wp-json\/wp\/v2\/users\/1"}],"replies":[{"embeddable":true,"href":"https:\/\/kendosg.ch\/index.php\/wp-json\/wp\/v2\/comments?post=60"}],"version-history":[{"count":23,"href":"https:\/\/kendosg.ch\/index.php\/wp-json\/wp\/v2\/pages\/60\/revisions"}],"predecessor-version":[{"id":212,"href":"https:\/\/kendosg.ch\/index.php\/wp-json\/wp\/v2\/pages\/60\/revisions\/212"}],"wp:attachment":[{"href":"https:\/\/kendosg.ch\/index.php\/wp-json\/wp\/v2\/media?parent=60"}],"curies":[{"name":"wp","href":"https:\/\/api.w.org\/{rel}","templated":true}]}}